{"id":99,"date":"2025-05-21T13:10:24","date_gmt":"2025-05-21T13:10:24","guid":{"rendered":"https:\/\/wsminversiones.com.ar\/landing\/?page_id=99"},"modified":"2025-07-28T21:15:34","modified_gmt":"2025-07-28T21:15:34","slug":"faq","status":"publish","type":"page","link":"https:\/\/wsminversiones.com.ar\/landing\/faq\/","title":{"rendered":"FAQ"},"content":{"rendered":"<p><a href=\"http:\/\/wsminversiones.com.ar\/home\/wp-content\/uploads\/2021\/07\/P25BAN.jpg\"><img loading=\"lazy\" decoding=\"async\" class=\"size-full wp-image-708 aligncenter\" src=\"http:\/\/wsminversiones.com.ar\/home\/wp-content\/uploads\/2021\/07\/P25BAN.jpg\" alt=\"\" width=\"1140\" height=\"375\" \/><\/a><\/p>\n<p><strong>\u00bfQui\u00e9n regula a las sociedades de bolsa?<\/strong><br \/>Las sociedades de bolsa o Agentes de Liquidaci\u00f3n y Compensaci\u00f3n (ALyC) est\u00e1n reguladas por la Comisi\u00f3n Nacional de Valores (CNV) y la Unidad de Informaci\u00f3n Financiera (UIF).<\/p>\n<p><strong>\u00bfC\u00f3mo saber si el asesor es id\u00f3neo?<\/strong><br \/>Pod\u00e9s buscarnos por nombre y apellido en el registro de asesores id\u00f3neos de la Comisi\u00f3n Nacional de Valores (CNV), les dejo el link a continuaci\u00f3n: <a href=\"https:\/\/www.cnv.gov.ar\/sitioWeb\/RegistrosPublicos\/Idoneos\">https:\/\/www.cnv.gov.ar\/sitioWeb\/RegistrosPublicos\/Idoneos<\/a><a href=\"https:\/\/www.cnv.gov.ar\/sitioWeb\/RegistrosPublicos\/Idoneos\">.<\/a><\/p>\n<p><strong>\u00bfQu\u00e9 datos necesito para abrir una cuenta?<\/strong><br \/>Es necesario contar con DNI, cuenta bancaria para el ingreso\/egreso de fondos y documentaci\u00f3n para justificar el origen de fondos. Estos pueden ser los \u00faltimos tres recibos de sueldo\/jubilaci\u00f3n, \u00faltimos tres pagos de Monotributo\/Aut\u00f3nomo, boleto de venta de alg\u00fan bien (veh\u00edculo, inmueble, etc), declaraci\u00f3n jurada de ganancias, bienes personales, certificaci\u00f3n contable sobre el origen de fondos, donaci\u00f3n o cualquier otra documentaci\u00f3n legal que justifique el origen del patrimonio.<\/p>\n<p><strong>\u00bfTiene alg\u00fan costo la cuenta?<\/strong><br \/>La cuenta comitente no tienen costo de apertura ni mantenimiento.\u00a0<\/p>\n<p><strong>\u00bfExiste un monto m\u00ednimo para la apertura?<\/strong><br \/>En nuestro caso asesoramos sin costo cuentas desde U$S15.000 en Inviu y Balanz Capital. Tambi\u00e9n asesoramos cuentas sin m\u00ednimos con un arancel anual. Pod\u00e9s consultar nuestros servicios en <a href=\"http:\/\/wsminversiones.com.ar\/landing\/#servicios\">wsminversiones.com.ar<\/a>.<\/p>\n<p><strong>\u00bfCu\u00e1nto se paga por operar?<\/strong><br \/>La comisi\u00f3n var\u00eda seg\u00fan el instrumento que se opera. Los m\u00e1s comunes son CEDEAR y acciones que pagan 1%+IVA, mientras que las Obligaciones Negociables y bonos pagan 1%. Por otro lado, los fondos comunes de inversi\u00f3n tienen cada uno una comisi\u00f3n anual distinta y se cobra el proporcional a la cantidad de d\u00edas invertidos.<\/p>\n<p><strong>\u00bfC\u00f3mo opero la cuenta?<\/strong><br \/>La operatoria de la cuenta comitente se puede realizar mediante la plataforma web o por APP desde Android y iOS.<\/p>\n<p><strong>\u00bfC\u00f3mo se ingresan y retiran los fondos?<\/strong><br \/>Toda operaci\u00f3n de ingreso y egreso de dinero se realiza \u00fanicamente mediante transferencia bancaria cuyo titular debe coincidir con el de la comitente. No se aceptan dep\u00f3sitos ni transferencias desde o hacia cuentas de terceros.<\/p>\n<p><strong>\u00bfPuedo transferir los t\u00edtulos que tengo en otro agente?<\/strong><br \/>Una vez gestionada la nueva cuenta comitente, se le puede solicitar a la sociedad de bolsa o banco anterior, la transferencia total o parcial de los t\u00edtulos all\u00ed depositados, sin necesidad de vender los mismos.<\/p>\n<p><strong>Si ya tengo cuenta en Balanz Capital o Inviu \u00bfPuedo pedir el cambio de asesor?<\/strong><br \/>Si, ingres\u00e1 por favor a siguiente link para pedir el mismo: <a href=\"http:\/\/wsminversiones.com.ar\/landing\/#cambioasesor\">wsminversiones.com.ar<\/a> y presion\u00e1 el bot\u00f3n Cambio de Asesor.\u00a0<\/p>\n<p><strong>\u00bfQu\u00e9 beneficios tienen los clientes?<\/strong><br \/>Todos los clientes cuentan con acceso a nuestro canal de Telegram exclusivo, donde diariamente se env\u00edan recomendaciones de Obligaciones Negociables, CEDEAR y arbitrajes. Si es tu primera vez invirtiendo, pod\u00e9s coordinar una videollamada con nuestro equipo para conocer tus objetivos, analizar tu cartera previa o dise\u00f1ar la tuya desde cero. Adicionalmente estamos a disposici\u00f3n en horario de mercado por WhatsApp para responder dudas, consultas y colaborar en la resoluci\u00f3n de problemas operativos.<\/p>\n\n\n<p><\/p>\n","protected":false},"excerpt":{"rendered":"<p>\u00bfQui\u00e9n regula a las sociedades de bolsa?Las sociedades de bolsa o Agentes de Liquidaci\u00f3n y Compensaci\u00f3n (ALyC) est\u00e1n reguladas por la Comisi\u00f3n Nacional de Valores (CNV) y la Unidad de Informaci\u00f3n Financiera (UIF). \u00bfC\u00f3mo saber si el asesor es id\u00f3neo?Pod\u00e9s buscarnos por nombre y apellido en el registro de asesores id\u00f3neos de la Comisi\u00f3n Nacional [&hellip;]<\/p>\n","protected":false},"author":2,"featured_media":0,"parent":0,"menu_order":0,"comment_status":"closed","ping_status":"closed","template":"","meta":{"footnotes":""},"class_list":["post-99","page","type-page","status-publish","hentry"],"jetpack_sharing_enabled":true,"_links":{"self":[{"href":"https:\/\/wsminversiones.com.ar\/landing\/wp-json\/wp\/v2\/pages\/99","targetHints":{"allow":["GET"]}}],"collection":[{"href":"https:\/\/wsminversiones.com.ar\/landing\/wp-json\/wp\/v2\/pages"}],"about":[{"href":"https:\/\/wsminversiones.com.ar\/landing\/wp-json\/wp\/v2\/types\/page"}],"author":[{"embeddable":true,"href":"https:\/\/wsminversiones.com.ar\/landing\/wp-json\/wp\/v2\/users\/2"}],"replies":[{"embeddable":true,"href":"https:\/\/wsminversiones.com.ar\/landing\/wp-json\/wp\/v2\/comments?post=99"}],"version-history":[{"count":16,"href":"https:\/\/wsminversiones.com.ar\/landing\/wp-json\/wp\/v2\/pages\/99\/revisions"}],"predecessor-version":[{"id":399,"href":"https:\/\/wsminversiones.com.ar\/landing\/wp-json\/wp\/v2\/pages\/99\/revisions\/399"}],"wp:attachment":[{"href":"https:\/\/wsminversiones.com.ar\/landing\/wp-json\/wp\/v2\/media?parent=99"}],"curies":[{"name":"wp","href":"https:\/\/api.w.org\/{rel}","templated":true}]}}